{"id":17058,"date":"2018-10-02T11:00:38","date_gmt":"2018-10-02T09:00:38","guid":{"rendered":"https:\/\/www.tuilik.com\/faq\/pagamenti\/"},"modified":"2018-10-30T12:48:46","modified_gmt":"2018-10-30T11:48:46","slug":"pagamenti","status":"publish","type":"page","link":"https:\/\/www.tuilik.com\/it\/faq\/pagamenti\/","title":{"rendered":"PAGAMENTI"},"content":{"rendered":"<article  class='iconbox iconbox_left av-jmrizf1u-bc262375078e056dcf559728933587ad  avia-builder-el-0  el_before_av_one_full  avia-builder-el-first '  itemscope=\"itemscope\" itemtype=\"https:\/\/schema.org\/CreativeWork\" ><div class=\"iconbox_content\"><header class=\"entry-content-header\" aria-label=\"Icona: FAQ\/PAGAMENTI\"><div class='iconbox_icon heading-color avia-iconfont avia-font-entypo-fontello' data-av_icon='\ue8cf' data-av_iconfont='entypo-fontello'  ><\/div><h3 class='iconbox_content_title '  itemprop=\"headline\" >FAQ\/PAGAMENTI<\/h3><\/header><div class='iconbox_content_container '  itemprop=\"text\" ><\/div><\/div><footer class=\"entry-footer\"><\/footer><\/article>\n\n<style type=\"text\/css\" data-created_by=\"avia_inline_auto\" id=\"style-css-av-21064sl-e172a1b300c7091546a0e7b80c2961a7\">\n.flex_column.av-21064sl-e172a1b300c7091546a0e7b80c2961a7{\nborder-radius:0px 0px 0px 0px;\npadding:0px 0px 0px 0px;\n}\n<\/style>\n<div  class='flex_column av-21064sl-e172a1b300c7091546a0e7b80c2961a7 av_one_full  avia-builder-el-1  el_after_av_icon_box  avia-builder-el-last  first flex_column_div av-zero-column-padding  '     ><div  class='togglecontainer av-1gqnp9h-06269e85cb49eba4f35bb38ae909f6b2  avia-builder-el-2  avia-builder-el-no-sibling  toggle_close_all' >\n<section class='av_toggle_section av-eqo0lh-b4ba5bec52b0194b58c6c46eeddc1ddb'  itemscope=\"itemscope\" itemtype=\"https:\/\/schema.org\/CreativeWork\" ><div role=\"tablist\" class=\"single_toggle\" data-tags=\"{Tutto} \"  ><p id='toggle-toggle-id-1' data-fake-id='#toggle-id-1' class='toggler  av-title-above '  itemprop=\"headline\"  role='tab' tabindex='0' aria-controls='toggle-id-1' data-slide-speed=\"200\" data-title=\"Quale tipo di pagamento posso utilizzare?\" data-title-open=\"\" data-aria_collapsed=\"Clicca per espandere: Quale tipo di pagamento posso utilizzare?\" data-aria_expanded=\"Fare clic per chiudere: Quale tipo di pagamento posso utilizzare?\">Quale tipo di pagamento posso utilizzare?<span class=\"toggle_icon\"><span class=\"vert_icon\"><\/span><span class=\"hor_icon\"><\/span><\/span><\/p><div id='toggle-id-1' aria-labelledby='toggle-toggle-id-1' role='region' class='toggle_wrap  av-title-above'  ><div class='toggle_content invers-color '  itemprop=\"text\" ><p>\u00c8 possibile pagare con carta di credito o con bonifico. Carte accettate: Visa, Mastercard, American Express. Bonifici SEPA Direct (gli ordini pagati con bonifici vengono trattati a partire dal giorno dell&#8217;accredito dell&#8217;importo sul conto di Tuilik). Non accettiamo assegni.<\/p>\n<\/div><\/div><\/div><\/section>\n<section class='av_toggle_section av-3exwhwl-e7d84237885f2515c5df9bf9d0fc49c0'  itemscope=\"itemscope\" itemtype=\"https:\/\/schema.org\/CreativeWork\" ><div role=\"tablist\" class=\"single_toggle\" data-tags=\"{Tutto} \"  ><p id='toggle-toggle-id-2' data-fake-id='#toggle-id-2' class='toggler  av-title-above '  itemprop=\"headline\"  role='tab' tabindex='0' aria-controls='toggle-id-2' data-slide-speed=\"200\" data-title=\"Quale valuta utilizzate?\" data-title-open=\"\" data-aria_collapsed=\"Clicca per espandere: Quale valuta utilizzate?\" data-aria_expanded=\"Fare clic per chiudere: Quale valuta utilizzate?\">Quale valuta utilizzate?<span class=\"toggle_icon\"><span class=\"vert_icon\"><\/span><span class=\"hor_icon\"><\/span><\/span><\/p><div id='toggle-id-2' aria-labelledby='toggle-toggle-id-2' role='region' class='toggle_wrap  av-title-above'  ><div class='toggle_content invers-color '  itemprop=\"text\" ><p>Accettiamo solo pagamenti in Euro. I prezzi sono indicati in euro e sono comprensivi di tasse.<\/p>\n<\/div><\/div><\/div><\/section>\n<section class='av_toggle_section av-ac6fd1-bb622ac07f16b95853fcb3022f4b30b0'  itemscope=\"itemscope\" itemtype=\"https:\/\/schema.org\/CreativeWork\" ><div role=\"tablist\" class=\"single_toggle\" data-tags=\"{Tutto} \"  ><p id='toggle-toggle-id-3' data-fake-id='#toggle-id-3' class='toggler  av-title-above '  itemprop=\"headline\"  role='tab' tabindex='0' aria-controls='toggle-id-3' data-slide-speed=\"200\" data-title=\"Posso avere due diversi indirizzi per fatturazione e consegna?\" data-title-open=\"\" data-aria_collapsed=\"Clicca per espandere: Posso avere due diversi indirizzi per fatturazione e consegna?\" data-aria_expanded=\"Fare clic per chiudere: Posso avere due diversi indirizzi per fatturazione e consegna?\">Posso avere due diversi indirizzi per fatturazione e consegna?<span class=\"toggle_icon\"><span class=\"vert_icon\"><\/span><span class=\"hor_icon\"><\/span><\/span><\/p><div id='toggle-id-3' aria-labelledby='toggle-toggle-id-3' role='region' class='toggle_wrap  av-title-above'  ><div class='toggle_content invers-color '  itemprop=\"text\" ><p>L&#8217;indirizzo di fatturazione e quello di spedizione possono essere diversi, ma devono appartenere allo stesso paese, scelto tra <a href=\"https:\/\/www.tuilik.com\/faq\/spedizioni-e-consegne\/?lang=it#toggle-id-7\" target=\"_blank\" rel=\"noopener\">quelli in cui consegniamo<\/a>.<\/p>\n<\/div><\/div><\/div><\/section>\n<section class='av_toggle_section av-2pbq70l-e08cd48b346baea0873d182171751cc8'  itemscope=\"itemscope\" itemtype=\"https:\/\/schema.org\/CreativeWork\" ><div role=\"tablist\" class=\"single_toggle\" data-tags=\"{Tutto} \"  ><p id='toggle-toggle-id-4' data-fake-id='#toggle-id-4' class='toggler  av-title-above '  itemprop=\"headline\"  role='tab' tabindex='0' aria-controls='toggle-id-4' data-slide-speed=\"200\" data-title=\"Verificate se il pagamento va a buon fine?\" data-title-open=\"\" data-aria_collapsed=\"Clicca per espandere: Verificate se il pagamento va a buon fine?\" data-aria_expanded=\"Fare clic per chiudere: Verificate se il pagamento va a buon fine?\">Verificate se il pagamento va a buon fine?<span class=\"toggle_icon\"><span class=\"vert_icon\"><\/span><span class=\"hor_icon\"><\/span><\/span><\/p><div id='toggle-id-4' aria-labelledby='toggle-toggle-id-4' role='region' class='toggle_wrap  av-title-above'  ><div class='toggle_content invers-color '  itemprop=\"text\" ><p>Tutte le carte di debito\/credito sono soggette a validazione e autorizzazione da parte della societ\u00e0 emittente. Se la societ\u00e0 emittente non autorizza il pagamento, Tuilik non pu\u00f2 far procedere l&#8217;ordine. <strong>In questo caso, contattare la societ\u00e0 emittente.<\/strong><\/p>\n<\/div><\/div><\/div><\/section>\n<section class='av_toggle_section av-26j575x-9d208775c4375ca0daf5a1d926a0bedd'  itemscope=\"itemscope\" itemtype=\"https:\/\/schema.org\/CreativeWork\" ><div role=\"tablist\" class=\"single_toggle\" data-tags=\"{Tutto} \"  ><p id='toggle-toggle-id-5' data-fake-id='#toggle-id-5' class='toggler  av-title-above '  itemprop=\"headline\"  role='tab' tabindex='0' aria-controls='toggle-id-5' data-slide-speed=\"200\" data-title=\"Le mie informazioni sono al sicuro?\" data-title-open=\"\" data-aria_collapsed=\"Clicca per espandere: Le mie informazioni sono al sicuro?\" data-aria_expanded=\"Fare clic per chiudere: Le mie informazioni sono al sicuro?\">Le mie informazioni sono al sicuro?<span class=\"toggle_icon\"><span class=\"vert_icon\"><\/span><span class=\"hor_icon\"><\/span><\/span><\/p><div id='toggle-id-5' aria-labelledby='toggle-toggle-id-5' role='region' class='toggle_wrap  av-title-above'  ><div class='toggle_content invers-color '  itemprop=\"text\" ><p>I tuoi acquisti e le tue informazioni sono al sicuro. Tuilik usa sul suo sito il protocollo SSL (Secure Socket Layer) e il gateway Stripe per i pagamenti con carta di credito. Stripe \u00e8 certificato con lo standard di sicurezza pi\u00f9 elevato disponibile (PCI level1 Service Provider). Ogni informazione viaggia criptata e i dettagli della carta sono criptati. Tuilik non conosce n\u00e8 conserva i dati delle carte di credito.<\/p>\n<\/div><\/div><\/div><\/section>\n<section class='av_toggle_section av-1pn7hd1-db5ef71b5b74bd7a94449c302eec98b1'  itemscope=\"itemscope\" itemtype=\"https:\/\/schema.org\/CreativeWork\" ><div role=\"tablist\" class=\"single_toggle\" data-tags=\"{Tutto} \"  ><p id='toggle-toggle-id-6' data-fake-id='#toggle-id-6' class='toggler  av-title-above '  itemprop=\"headline\"  role='tab' tabindex='0' aria-controls='toggle-id-6' data-slide-speed=\"200\" data-title=\"Ho usato la carta sbagliata per pagare, posso cambiarla?\" data-title-open=\"\" data-aria_collapsed=\"Clicca per espandere: Ho usato la carta sbagliata per pagare, posso cambiarla?\" data-aria_expanded=\"Fare clic per chiudere: Ho usato la carta sbagliata per pagare, posso cambiarla?\">Ho usato la carta sbagliata per pagare, posso cambiarla?<span class=\"toggle_icon\"><span class=\"vert_icon\"><\/span><span class=\"hor_icon\"><\/span><\/span><\/p><div id='toggle-id-6' aria-labelledby='toggle-toggle-id-6' role='region' class='toggle_wrap  av-title-above'  ><div class='toggle_content invers-color '  itemprop=\"text\" ><p>Purtroppo no, una volta che un ordine \u00e8 stato effettuato non \u00e8 possibile cambiare la carta con cui \u00e8 stato pagato.<\/p>\n<\/div><\/div><\/div><\/section>\n<section class='av_toggle_section av-11ymr39-1443816f9143af7ec9d33259da2eeccc'  itemscope=\"itemscope\" itemtype=\"https:\/\/schema.org\/CreativeWork\" ><div role=\"tablist\" class=\"single_toggle\" data-tags=\"{Tutto} \"  ><p id='toggle-toggle-id-7' data-fake-id='#toggle-id-7' class='toggler  av-title-above '  itemprop=\"headline\"  role='tab' tabindex='0' aria-controls='toggle-id-7' data-slide-speed=\"200\" data-title=\"Posso utilizzare una carta di credito diversa da quella utilizzata per il pagamento, in caso di rimborso?\" data-title-open=\"\" data-aria_collapsed=\"Clicca per espandere: Posso utilizzare una carta di credito diversa da quella utilizzata per il pagamento, in caso di rimborso?\" data-aria_expanded=\"Fare clic per chiudere: Posso utilizzare una carta di credito diversa da quella utilizzata per il pagamento, in caso di rimborso?\">Posso utilizzare una carta di credito diversa da quella utilizzata per il pagamento, in caso di rimborso?<span class=\"toggle_icon\"><span class=\"vert_icon\"><\/span><span class=\"hor_icon\"><\/span><\/span><\/p><div id='toggle-id-7' aria-labelledby='toggle-toggle-id-7' role='region' class='toggle_wrap  av-title-above'  ><div class='toggle_content invers-color '  itemprop=\"text\" ><p>I rimborsi possono essere effettuati solo sulla carta di credito utilizzata per il pagamento originale.<\/p>\n<\/div><\/div><\/div><\/section>\n<section class='av_toggle_section av-s78put-3eab641b642654e475d554bc80127059'  itemscope=\"itemscope\" itemtype=\"https:\/\/schema.org\/CreativeWork\" ><div role=\"tablist\" class=\"single_toggle\" data-tags=\"{Tutto} \"  ><p id='toggle-toggle-id-8' data-fake-id='#toggle-id-8' class='toggler  av-title-above '  itemprop=\"headline\"  role='tab' tabindex='0' aria-controls='toggle-id-8' data-slide-speed=\"200\" data-title=\"Quando viene addebitata la carta?\" data-title-open=\"\" data-aria_collapsed=\"Clicca per espandere: Quando viene addebitata la carta?\" data-aria_expanded=\"Fare clic per chiudere: Quando viene addebitata la carta?\">Quando viene addebitata la carta?<span class=\"toggle_icon\"><span class=\"vert_icon\"><\/span><span class=\"hor_icon\"><\/span><\/span><\/p><div id='toggle-id-8' aria-labelledby='toggle-toggle-id-8' role='region' class='toggle_wrap  av-title-above'  ><div class='toggle_content invers-color '  itemprop=\"text\" ><p>L&#8217;addebito avviene come per qualsiasi altro acquisto con carta di credito secondo le modalit\u00e0 di ogni societ\u00e0 o banca emittente.<\/p>\n<\/div><\/div><\/div><\/section>\n<\/div><\/div>\n","protected":false},"excerpt":{"rendered":"","protected":false},"author":3,"featured_media":0,"parent":17014,"menu_order":0,"comment_status":"closed","ping_status":"closed","template":"","meta":{"footnotes":""},"class_list":["post-17058","page","type-page","status-publish","hentry"],"yoast_head":"<!-- This site is optimized with the Yoast SEO plugin v27.1.1 - https:\/\/yoast.com\/product\/yoast-seo-wordpress\/ -->\n<title>PAGAMENTI - TUILIK<\/title>\n<meta name=\"robots\" content=\"index, follow, max-snippet:-1, max-image-preview:large, max-video-preview:-1\" \/>\n<link rel=\"canonical\" href=\"https:\/\/www.tuilik.com\/en\/faq\/payment\/\" \/>\n<meta property=\"og:locale\" content=\"it_IT\" \/>\n<meta property=\"og:type\" content=\"article\" \/>\n<meta property=\"og:title\" content=\"PAGAMENTI - TUILIK\" \/>\n<meta property=\"og:url\" content=\"https:\/\/www.tuilik.com\/en\/faq\/payment\/\" \/>\n<meta property=\"og:site_name\" content=\"TUILIK\" \/>\n<meta property=\"article:publisher\" content=\"https:\/\/www.facebook.com\/tuilik\" \/>\n<meta property=\"article:modified_time\" content=\"2018-10-30T11:48:46+00:00\" \/>\n<meta name=\"twitter:card\" content=\"summary_large_image\" \/>\n<meta name=\"twitter:label1\" content=\"Tempo di lettura stimato\" \/>\n\t<meta name=\"twitter:data1\" content=\"3 minuti\" \/>\n<script type=\"application\/ld+json\" class=\"yoast-schema-graph\">{\"@context\":\"https:\/\/schema.org\",\"@graph\":[{\"@type\":\"WebPage\",\"@id\":\"https:\/\/www.tuilik.com\/en\/faq\/payment\/\",\"url\":\"https:\/\/www.tuilik.com\/en\/faq\/payment\/\",\"name\":\"PAGAMENTI - TUILIK\",\"isPartOf\":{\"@id\":\"https:\/\/www.tuilik.com\/en\/#website\"},\"datePublished\":\"2018-10-02T09:00:38+00:00\",\"dateModified\":\"2018-10-30T11:48:46+00:00\",\"breadcrumb\":{\"@id\":\"https:\/\/www.tuilik.com\/en\/faq\/payment\/#breadcrumb\"},\"inLanguage\":\"it-IT\",\"potentialAction\":[{\"@type\":\"ReadAction\",\"target\":[\"https:\/\/www.tuilik.com\/en\/faq\/payment\/\"]}]},{\"@type\":\"BreadcrumbList\",\"@id\":\"https:\/\/www.tuilik.com\/en\/faq\/payment\/#breadcrumb\",\"itemListElement\":[{\"@type\":\"ListItem\",\"position\":1,\"name\":\"Home\",\"item\":\"https:\/\/www.tuilik.com\/en\/home\/\"},{\"@type\":\"ListItem\",\"position\":2,\"name\":\"FAQ\",\"item\":\"https:\/\/www.tuilik.com\/it\/faq\/\"},{\"@type\":\"ListItem\",\"position\":3,\"name\":\"PAGAMENTI\"}]},{\"@type\":\"WebSite\",\"@id\":\"https:\/\/www.tuilik.com\/en\/#website\",\"url\":\"https:\/\/www.tuilik.com\/en\/\",\"name\":\"TUILIK\",\"description\":\"Sea kayak courses, guiding, gear, lifestyle.\",\"publisher\":{\"@id\":\"https:\/\/www.tuilik.com\/en\/#organization\"},\"potentialAction\":[{\"@type\":\"SearchAction\",\"target\":{\"@type\":\"EntryPoint\",\"urlTemplate\":\"https:\/\/www.tuilik.com\/en\/?s={search_term_string}\"},\"query-input\":{\"@type\":\"PropertyValueSpecification\",\"valueRequired\":true,\"valueName\":\"search_term_string\"}}],\"inLanguage\":\"it-IT\"},{\"@type\":\"Organization\",\"@id\":\"https:\/\/www.tuilik.com\/en\/#organization\",\"name\":\"Tuilik srl\",\"url\":\"https:\/\/www.tuilik.com\/en\/\",\"logo\":{\"@type\":\"ImageObject\",\"inLanguage\":\"it-IT\",\"@id\":\"https:\/\/www.tuilik.com\/en\/#\/schema\/logo\/image\/\",\"url\":\"https:\/\/www.tuilik.com\/wp-content\/uploads\/2013\/04\/tuilik_logo.png\",\"contentUrl\":\"https:\/\/www.tuilik.com\/wp-content\/uploads\/2013\/04\/tuilik_logo.png\",\"width\":340,\"height\":156,\"caption\":\"Tuilik srl\"},\"image\":{\"@id\":\"https:\/\/www.tuilik.com\/en\/#\/schema\/logo\/image\/\"},\"sameAs\":[\"https:\/\/www.facebook.com\/tuilik\",\"https:\/\/www.instagram.com\/tuilik.seakayak\/\",\"https:\/\/www.youtube.com\/user\/guidogrugnola\"]}]}<\/script>\n<!-- \/ Yoast SEO plugin. -->","yoast_head_json":{"title":"PAGAMENTI - TUILIK","robots":{"index":"index","follow":"follow","max-snippet":"max-snippet:-1","max-image-preview":"max-image-preview:large","max-video-preview":"max-video-preview:-1"},"canonical":"https:\/\/www.tuilik.com\/en\/faq\/payment\/","og_locale":"it_IT","og_type":"article","og_title":"PAGAMENTI - TUILIK","og_url":"https:\/\/www.tuilik.com\/en\/faq\/payment\/","og_site_name":"TUILIK","article_publisher":"https:\/\/www.facebook.com\/tuilik","article_modified_time":"2018-10-30T11:48:46+00:00","twitter_card":"summary_large_image","twitter_misc":{"Tempo di lettura stimato":"3 minuti"},"schema":{"@context":"https:\/\/schema.org","@graph":[{"@type":"WebPage","@id":"https:\/\/www.tuilik.com\/en\/faq\/payment\/","url":"https:\/\/www.tuilik.com\/en\/faq\/payment\/","name":"PAGAMENTI - TUILIK","isPartOf":{"@id":"https:\/\/www.tuilik.com\/en\/#website"},"datePublished":"2018-10-02T09:00:38+00:00","dateModified":"2018-10-30T11:48:46+00:00","breadcrumb":{"@id":"https:\/\/www.tuilik.com\/en\/faq\/payment\/#breadcrumb"},"inLanguage":"it-IT","potentialAction":[{"@type":"ReadAction","target":["https:\/\/www.tuilik.com\/en\/faq\/payment\/"]}]},{"@type":"BreadcrumbList","@id":"https:\/\/www.tuilik.com\/en\/faq\/payment\/#breadcrumb","itemListElement":[{"@type":"ListItem","position":1,"name":"Home","item":"https:\/\/www.tuilik.com\/en\/home\/"},{"@type":"ListItem","position":2,"name":"FAQ","item":"https:\/\/www.tuilik.com\/it\/faq\/"},{"@type":"ListItem","position":3,"name":"PAGAMENTI"}]},{"@type":"WebSite","@id":"https:\/\/www.tuilik.com\/en\/#website","url":"https:\/\/www.tuilik.com\/en\/","name":"TUILIK","description":"Sea kayak courses, guiding, gear, lifestyle.","publisher":{"@id":"https:\/\/www.tuilik.com\/en\/#organization"},"potentialAction":[{"@type":"SearchAction","target":{"@type":"EntryPoint","urlTemplate":"https:\/\/www.tuilik.com\/en\/?s={search_term_string}"},"query-input":{"@type":"PropertyValueSpecification","valueRequired":true,"valueName":"search_term_string"}}],"inLanguage":"it-IT"},{"@type":"Organization","@id":"https:\/\/www.tuilik.com\/en\/#organization","name":"Tuilik srl","url":"https:\/\/www.tuilik.com\/en\/","logo":{"@type":"ImageObject","inLanguage":"it-IT","@id":"https:\/\/www.tuilik.com\/en\/#\/schema\/logo\/image\/","url":"https:\/\/www.tuilik.com\/wp-content\/uploads\/2013\/04\/tuilik_logo.png","contentUrl":"https:\/\/www.tuilik.com\/wp-content\/uploads\/2013\/04\/tuilik_logo.png","width":340,"height":156,"caption":"Tuilik srl"},"image":{"@id":"https:\/\/www.tuilik.com\/en\/#\/schema\/logo\/image\/"},"sameAs":["https:\/\/www.facebook.com\/tuilik","https:\/\/www.instagram.com\/tuilik.seakayak\/","https:\/\/www.youtube.com\/user\/guidogrugnola"]}]}},"_links":{"self":[{"href":"https:\/\/www.tuilik.com\/it\/wp-json\/wp\/v2\/pages\/17058","targetHints":{"allow":["GET"]}}],"collection":[{"href":"https:\/\/www.tuilik.com\/it\/wp-json\/wp\/v2\/pages"}],"about":[{"href":"https:\/\/www.tuilik.com\/it\/wp-json\/wp\/v2\/types\/page"}],"author":[{"embeddable":true,"href":"https:\/\/www.tuilik.com\/it\/wp-json\/wp\/v2\/users\/3"}],"replies":[{"embeddable":true,"href":"https:\/\/www.tuilik.com\/it\/wp-json\/wp\/v2\/comments?post=17058"}],"version-history":[{"count":0,"href":"https:\/\/www.tuilik.com\/it\/wp-json\/wp\/v2\/pages\/17058\/revisions"}],"up":[{"embeddable":true,"href":"https:\/\/www.tuilik.com\/it\/wp-json\/wp\/v2\/pages\/17014"}],"wp:attachment":[{"href":"https:\/\/www.tuilik.com\/it\/wp-json\/wp\/v2\/media?parent=17058"}],"curies":[{"name":"wp","href":"https:\/\/api.w.org\/{rel}","templated":true}]}}