{"id":17066,"date":"2018-10-02T11:04:37","date_gmt":"2018-10-02T09:04:37","guid":{"rendered":"https:\/\/www.tuilik.com\/faq\/resi\/"},"modified":"2024-10-24T15:38:36","modified_gmt":"2024-10-24T13:38:36","slug":"resi","status":"publish","type":"page","link":"https:\/\/www.tuilik.com\/it\/faq\/resi\/","title":{"rendered":"RESI"},"content":{"rendered":"<article  class='iconbox iconbox_left av-jmrj2520-9f0e2263607c3db28f4f44dd62e386e2  avia-builder-el-0  el_before_av_one_full  avia-builder-el-first '  itemscope=\"itemscope\" itemtype=\"https:\/\/schema.org\/CreativeWork\" ><div class=\"iconbox_content\"><header class=\"entry-content-header\" aria-label=\"Icona: FAQ\/RESI\"><div class='iconbox_icon heading-color avia-iconfont avia-font-entypo-fontello' data-av_icon='\ue895' data-av_iconfont='entypo-fontello'  ><\/div><h3 class='iconbox_content_title '  itemprop=\"headline\" >FAQ\/RESI<\/h3><\/header><div class='iconbox_content_container '  itemprop=\"text\" ><\/div><\/div><footer class=\"entry-footer\"><\/footer><\/article>\n\n<style type=\"text\/css\" data-created_by=\"avia_inline_auto\" id=\"style-css-av-22ngwmu-07b6eb65f7a027d6c137b1c6b7bbd89f\">\n.flex_column.av-22ngwmu-07b6eb65f7a027d6c137b1c6b7bbd89f{\nborder-radius:0px 0px 0px 0px;\npadding:0px 0px 0px 0px;\n}\n<\/style>\n<div  class='flex_column av-22ngwmu-07b6eb65f7a027d6c137b1c6b7bbd89f av_one_full  avia-builder-el-1  el_after_av_icon_box  avia-builder-el-last  first flex_column_div av-zero-column-padding  '     ><div  class='togglecontainer av-1pvf9hy-bc5408bb47a931b5cbaf4e99101548b2  avia-builder-el-2  avia-builder-el-no-sibling  toggle_close_all' >\n<section class='av_toggle_section av-ue0d6e-b0502c8601b93aa54a707629b5c61cf7'  itemscope=\"itemscope\" itemtype=\"https:\/\/schema.org\/CreativeWork\" ><div role=\"tablist\" class=\"single_toggle\" data-tags=\"{Tutto} \"  ><p id='toggle-toggle-id-1' data-fake-id='#toggle-id-1' class='toggler  av-title-above '  itemprop=\"headline\"  role='tab' tabindex='0' aria-controls='toggle-id-1' data-slide-speed=\"200\" data-title=\"Posso restituire quanto acquistato e a quali condizioni? \" data-title-open=\"\" data-aria_collapsed=\"Clicca per espandere: Posso restituire quanto acquistato e a quali condizioni? \" data-aria_expanded=\"Fare clic per chiudere: Posso restituire quanto acquistato e a quali condizioni? \">Posso restituire quanto acquistato e a quali condizioni? <span class=\"toggle_icon\"><span class=\"vert_icon\"><\/span><span class=\"hor_icon\"><\/span><\/span><\/p><div id='toggle-id-1' aria-labelledby='toggle-toggle-id-1' role='region' class='toggle_wrap  av-title-above'  ><div class='toggle_content invers-color '  itemprop=\"text\" ><p>Se avete cambiato idea sui vostri acquisti, restituite i prodotti nelle condizioni originali e nella confezione originale con il <a href=\"https:\/\/www.tuilik.com\/wp-content\/uploads\/2018\/10\/Modulo-Resi-ITA.pdf\" target=\"_blank\" rel=\"noopener\">modulo di reso<\/a> e vi rimborseremo.<br \/>\n\u00c8 possibile restituire la merce entro 14 giorni lavorativi dalla data di acquisto. Il costo del reso \u00e8 a carico del cliente. La merce restituita deve essere inviata a Tuilik srl, Via Zuara 18, 20146 Milano.<br \/>\nTutti gli articoli saranno ispezionati al momento della restituzione. Se riteniamo che il vostro reso non sia vendibile, vi verr\u00e0 restituito.<br \/>\nAssicuratevi che il pacco sia imballato in modo sicuro e che non possa essere danneggiato durante il trasporto; \u00e8 vostra responsabilit\u00e0 restituire l&#8217;articolo nelle stesse condizioni in cui vi \u00e8 stato consegnato.<br \/>\nNota bene: attualmente non possiamo accettare resi dal Regno Unito.<\/p>\n<\/div><\/div><\/div><\/section>\n<section class='av_toggle_section av-5fl9bq-400ab8b0d8ab635877b43723045182c8'  itemscope=\"itemscope\" itemtype=\"https:\/\/schema.org\/CreativeWork\" ><div role=\"tablist\" class=\"single_toggle\" data-tags=\"{Tutto} \"  ><p id='toggle-toggle-id-2' data-fake-id='#toggle-id-2' class='toggler  av-title-above '  itemprop=\"headline\"  role='tab' tabindex='0' aria-controls='toggle-id-2' data-slide-speed=\"200\" data-title=\"Dopo quanto tempo l\u2019importo del reso verr\u00e0 riaccreditato?\" data-title-open=\"\" data-aria_collapsed=\"Clicca per espandere: Dopo quanto tempo l\u2019importo del reso verr\u00e0 riaccreditato?\" data-aria_expanded=\"Fare clic per chiudere: Dopo quanto tempo l\u2019importo del reso verr\u00e0 riaccreditato?\">Dopo quanto tempo l\u2019importo del reso verr\u00e0 riaccreditato?<span class=\"toggle_icon\"><span class=\"vert_icon\"><\/span><span class=\"hor_icon\"><\/span><\/span><\/p><div id='toggle-id-2' aria-labelledby='toggle-toggle-id-2' role='region' class='toggle_wrap  av-title-above'  ><div class='toggle_content invers-color '  itemprop=\"text\" ><p>Il reso pu\u00f2 richiedere da 5 ai 15 giorni lavorativi (tempi tecnici) per essere riaccreditato e visibile sul conto. Il rimborso avviene con lo stesso metodo di pagamento utilizzato per l&#8217;acquisto.<\/p>\n<\/div><\/div><\/div><\/section>\n<section class='av_toggle_section av-1959g9i-4db33d0e33374da83927d7f021b1d630'  itemscope=\"itemscope\" itemtype=\"https:\/\/schema.org\/CreativeWork\" ><div role=\"tablist\" class=\"single_toggle\" data-tags=\"{Tutto} \"  ><p id='toggle-toggle-id-3' data-fake-id='#toggle-id-3' class='toggler  av-title-above '  itemprop=\"headline\"  role='tab' tabindex='0' aria-controls='toggle-id-3' data-slide-speed=\"200\" data-title=\"Posso cambiare un articolo acquistato con un altro articolo?\" data-title-open=\"\" data-aria_collapsed=\"Clicca per espandere: Posso cambiare un articolo acquistato con un altro articolo?\" data-aria_expanded=\"Fare clic per chiudere: Posso cambiare un articolo acquistato con un altro articolo?\">Posso cambiare un articolo acquistato con un altro articolo?<span class=\"toggle_icon\"><span class=\"vert_icon\"><\/span><span class=\"hor_icon\"><\/span><\/span><\/p><div id='toggle-id-3' aria-labelledby='toggle-toggle-id-3' role='region' class='toggle_wrap  av-title-above'  ><div class='toggle_content invers-color '  itemprop=\"text\" ><p>E&#8217; possibile effettuare un cambio taglia o colore di un capo d&#8217;abbigliamento tecnico o salvagenti solo inviando o portando l&#8217;articolo da Tuilik in sede a Milano. Il cambio \u00e8 soggetto a disponibilit\u00e0 degli articoli. In tutti gli altri casi, dove applicabile, si pu\u00f2 procedere solo a un reso.<\/p>\n<\/div><\/div><\/div><\/section>\n<section class='av_toggle_section av-x1xaqe-2ac8292fa76f172c9f1a030ef14273de'  itemscope=\"itemscope\" itemtype=\"https:\/\/schema.org\/CreativeWork\" ><div role=\"tablist\" class=\"single_toggle\" data-tags=\"{Tutto} \"  ><p id='toggle-toggle-id-4' data-fake-id='#toggle-id-4' class='toggler  av-title-above '  itemprop=\"headline\"  role='tab' tabindex='0' aria-controls='toggle-id-4' data-slide-speed=\"200\" data-title=\"Verr\u00f2 rimborsato per l\u2018intero ammontare dell\u2019ordine?\" data-title-open=\"\" data-aria_collapsed=\"Clicca per espandere: Verr\u00f2 rimborsato per l\u2018intero ammontare dell\u2019ordine?\" data-aria_expanded=\"Fare clic per chiudere: Verr\u00f2 rimborsato per l\u2018intero ammontare dell\u2019ordine?\">Verr\u00f2 rimborsato per l\u2018intero ammontare dell\u2019ordine?<span class=\"toggle_icon\"><span class=\"vert_icon\"><\/span><span class=\"hor_icon\"><\/span><\/span><\/p><div id='toggle-id-4' aria-labelledby='toggle-toggle-id-4' role='region' class='toggle_wrap  av-title-above'  ><div class='toggle_content invers-color '  itemprop=\"text\" ><p>Il rimborso avviene con lo stesso metodo di pagamento utilizzato per l&#8217;acquisto. I costi di spedizione non vengono rimborsati se non in caso di reso per articoli difettosi. Potrebbero essere addebitati anche eventuali costi della transazione elettronica con carta di credito (sul totale dell&#8217;ordine: 1,4% per carte emesse nei paesi EU, 2,9% per carte emesse in paesi non EU).<\/p>\n<\/div><\/div><\/div><\/section>\n<\/div><\/div>\n","protected":false},"excerpt":{"rendered":"","protected":false},"author":3,"featured_media":0,"parent":17014,"menu_order":0,"comment_status":"closed","ping_status":"closed","template":"","meta":{"footnotes":""},"class_list":["post-17066","page","type-page","status-publish","hentry"],"yoast_head":"<!-- This site is optimized with the Yoast SEO plugin v27.1.1 - https:\/\/yoast.com\/product\/yoast-seo-wordpress\/ -->\n<title>RESI - TUILIK<\/title>\n<meta name=\"robots\" content=\"index, follow, max-snippet:-1, max-image-preview:large, max-video-preview:-1\" \/>\n<link rel=\"canonical\" href=\"https:\/\/www.tuilik.com\/en\/faq\/returns\/\" \/>\n<meta property=\"og:locale\" content=\"it_IT\" \/>\n<meta property=\"og:type\" content=\"article\" \/>\n<meta property=\"og:title\" content=\"RESI - TUILIK\" \/>\n<meta property=\"og:url\" content=\"https:\/\/www.tuilik.com\/en\/faq\/returns\/\" \/>\n<meta property=\"og:site_name\" content=\"TUILIK\" \/>\n<meta property=\"article:publisher\" content=\"https:\/\/www.facebook.com\/tuilik\" \/>\n<meta property=\"article:modified_time\" content=\"2024-10-24T13:38:36+00:00\" \/>\n<meta name=\"twitter:card\" content=\"summary_large_image\" \/>\n<meta name=\"twitter:label1\" content=\"Tempo di lettura stimato\" \/>\n\t<meta name=\"twitter:data1\" content=\"4 minuti\" \/>\n<script type=\"application\/ld+json\" class=\"yoast-schema-graph\">{\"@context\":\"https:\/\/schema.org\",\"@graph\":[{\"@type\":\"WebPage\",\"@id\":\"https:\/\/www.tuilik.com\/en\/faq\/returns\/\",\"url\":\"https:\/\/www.tuilik.com\/en\/faq\/returns\/\",\"name\":\"RESI - TUILIK\",\"isPartOf\":{\"@id\":\"https:\/\/www.tuilik.com\/en\/#website\"},\"datePublished\":\"2018-10-02T09:04:37+00:00\",\"dateModified\":\"2024-10-24T13:38:36+00:00\",\"breadcrumb\":{\"@id\":\"https:\/\/www.tuilik.com\/en\/faq\/returns\/#breadcrumb\"},\"inLanguage\":\"it-IT\",\"potentialAction\":[{\"@type\":\"ReadAction\",\"target\":[\"https:\/\/www.tuilik.com\/en\/faq\/returns\/\"]}]},{\"@type\":\"BreadcrumbList\",\"@id\":\"https:\/\/www.tuilik.com\/en\/faq\/returns\/#breadcrumb\",\"itemListElement\":[{\"@type\":\"ListItem\",\"position\":1,\"name\":\"Home\",\"item\":\"https:\/\/www.tuilik.com\/en\/home\/\"},{\"@type\":\"ListItem\",\"position\":2,\"name\":\"FAQ\",\"item\":\"https:\/\/www.tuilik.com\/it\/faq\/\"},{\"@type\":\"ListItem\",\"position\":3,\"name\":\"RESI\"}]},{\"@type\":\"WebSite\",\"@id\":\"https:\/\/www.tuilik.com\/en\/#website\",\"url\":\"https:\/\/www.tuilik.com\/en\/\",\"name\":\"TUILIK\",\"description\":\"Sea kayak courses, guiding, gear, lifestyle.\",\"publisher\":{\"@id\":\"https:\/\/www.tuilik.com\/en\/#organization\"},\"potentialAction\":[{\"@type\":\"SearchAction\",\"target\":{\"@type\":\"EntryPoint\",\"urlTemplate\":\"https:\/\/www.tuilik.com\/en\/?s={search_term_string}\"},\"query-input\":{\"@type\":\"PropertyValueSpecification\",\"valueRequired\":true,\"valueName\":\"search_term_string\"}}],\"inLanguage\":\"it-IT\"},{\"@type\":\"Organization\",\"@id\":\"https:\/\/www.tuilik.com\/en\/#organization\",\"name\":\"Tuilik srl\",\"url\":\"https:\/\/www.tuilik.com\/en\/\",\"logo\":{\"@type\":\"ImageObject\",\"inLanguage\":\"it-IT\",\"@id\":\"https:\/\/www.tuilik.com\/en\/#\/schema\/logo\/image\/\",\"url\":\"https:\/\/www.tuilik.com\/wp-content\/uploads\/2013\/04\/tuilik_logo.png\",\"contentUrl\":\"https:\/\/www.tuilik.com\/wp-content\/uploads\/2013\/04\/tuilik_logo.png\",\"width\":340,\"height\":156,\"caption\":\"Tuilik srl\"},\"image\":{\"@id\":\"https:\/\/www.tuilik.com\/en\/#\/schema\/logo\/image\/\"},\"sameAs\":[\"https:\/\/www.facebook.com\/tuilik\",\"https:\/\/www.instagram.com\/tuilik.seakayak\/\",\"https:\/\/www.youtube.com\/user\/guidogrugnola\"]}]}<\/script>\n<!-- \/ Yoast SEO plugin. -->","yoast_head_json":{"title":"RESI - TUILIK","robots":{"index":"index","follow":"follow","max-snippet":"max-snippet:-1","max-image-preview":"max-image-preview:large","max-video-preview":"max-video-preview:-1"},"canonical":"https:\/\/www.tuilik.com\/en\/faq\/returns\/","og_locale":"it_IT","og_type":"article","og_title":"RESI - TUILIK","og_url":"https:\/\/www.tuilik.com\/en\/faq\/returns\/","og_site_name":"TUILIK","article_publisher":"https:\/\/www.facebook.com\/tuilik","article_modified_time":"2024-10-24T13:38:36+00:00","twitter_card":"summary_large_image","twitter_misc":{"Tempo di lettura stimato":"4 minuti"},"schema":{"@context":"https:\/\/schema.org","@graph":[{"@type":"WebPage","@id":"https:\/\/www.tuilik.com\/en\/faq\/returns\/","url":"https:\/\/www.tuilik.com\/en\/faq\/returns\/","name":"RESI - TUILIK","isPartOf":{"@id":"https:\/\/www.tuilik.com\/en\/#website"},"datePublished":"2018-10-02T09:04:37+00:00","dateModified":"2024-10-24T13:38:36+00:00","breadcrumb":{"@id":"https:\/\/www.tuilik.com\/en\/faq\/returns\/#breadcrumb"},"inLanguage":"it-IT","potentialAction":[{"@type":"ReadAction","target":["https:\/\/www.tuilik.com\/en\/faq\/returns\/"]}]},{"@type":"BreadcrumbList","@id":"https:\/\/www.tuilik.com\/en\/faq\/returns\/#breadcrumb","itemListElement":[{"@type":"ListItem","position":1,"name":"Home","item":"https:\/\/www.tuilik.com\/en\/home\/"},{"@type":"ListItem","position":2,"name":"FAQ","item":"https:\/\/www.tuilik.com\/it\/faq\/"},{"@type":"ListItem","position":3,"name":"RESI"}]},{"@type":"WebSite","@id":"https:\/\/www.tuilik.com\/en\/#website","url":"https:\/\/www.tuilik.com\/en\/","name":"TUILIK","description":"Sea kayak courses, guiding, gear, lifestyle.","publisher":{"@id":"https:\/\/www.tuilik.com\/en\/#organization"},"potentialAction":[{"@type":"SearchAction","target":{"@type":"EntryPoint","urlTemplate":"https:\/\/www.tuilik.com\/en\/?s={search_term_string}"},"query-input":{"@type":"PropertyValueSpecification","valueRequired":true,"valueName":"search_term_string"}}],"inLanguage":"it-IT"},{"@type":"Organization","@id":"https:\/\/www.tuilik.com\/en\/#organization","name":"Tuilik srl","url":"https:\/\/www.tuilik.com\/en\/","logo":{"@type":"ImageObject","inLanguage":"it-IT","@id":"https:\/\/www.tuilik.com\/en\/#\/schema\/logo\/image\/","url":"https:\/\/www.tuilik.com\/wp-content\/uploads\/2013\/04\/tuilik_logo.png","contentUrl":"https:\/\/www.tuilik.com\/wp-content\/uploads\/2013\/04\/tuilik_logo.png","width":340,"height":156,"caption":"Tuilik srl"},"image":{"@id":"https:\/\/www.tuilik.com\/en\/#\/schema\/logo\/image\/"},"sameAs":["https:\/\/www.facebook.com\/tuilik","https:\/\/www.instagram.com\/tuilik.seakayak\/","https:\/\/www.youtube.com\/user\/guidogrugnola"]}]}},"_links":{"self":[{"href":"https:\/\/www.tuilik.com\/it\/wp-json\/wp\/v2\/pages\/17066","targetHints":{"allow":["GET"]}}],"collection":[{"href":"https:\/\/www.tuilik.com\/it\/wp-json\/wp\/v2\/pages"}],"about":[{"href":"https:\/\/www.tuilik.com\/it\/wp-json\/wp\/v2\/types\/page"}],"author":[{"embeddable":true,"href":"https:\/\/www.tuilik.com\/it\/wp-json\/wp\/v2\/users\/3"}],"replies":[{"embeddable":true,"href":"https:\/\/www.tuilik.com\/it\/wp-json\/wp\/v2\/comments?post=17066"}],"version-history":[{"count":5,"href":"https:\/\/www.tuilik.com\/it\/wp-json\/wp\/v2\/pages\/17066\/revisions"}],"predecessor-version":[{"id":35193,"href":"https:\/\/www.tuilik.com\/it\/wp-json\/wp\/v2\/pages\/17066\/revisions\/35193"}],"up":[{"embeddable":true,"href":"https:\/\/www.tuilik.com\/it\/wp-json\/wp\/v2\/pages\/17014"}],"wp:attachment":[{"href":"https:\/\/www.tuilik.com\/it\/wp-json\/wp\/v2\/media?parent=17066"}],"curies":[{"name":"wp","href":"https:\/\/api.w.org\/{rel}","templated":true}]}}